






{"id":275,"date":"2024-08-22T14:57:33","date_gmt":"2024-08-22T14:57:33","guid":{"rendered":"https:\/\/indochine.lohatheme.com\/?page_id=275"},"modified":"2025-04-23T02:59:13","modified_gmt":"2025-04-23T02:59:13","slug":"aviso-de-privacidad","status":"publish","type":"page","link":"https:\/\/calakmul.com.mx\/en\/aviso-de-privacidad\/","title":{"rendered":"Privacy Notice"},"content":{"rendered":"<div data-elementor-type=\"wp-page\" data-elementor-id=\"275\" class=\"elementor elementor-275\" data-elementor-post-type=\"page\">\n\t\t\t\t\t\t<section class=\"elementor-section elementor-top-section elementor-element elementor-element-39d09f0 elementor-section-full_width elementor-section-height-default elementor-section-height-default\" data-id=\"39d09f0\" data-element_type=\"section\" data-e-type=\"section\">\n\t\t\t\t\t\t<div class=\"elementor-container elementor-column-gap-no\">\n\t\t\t\t\t<div class=\"elementor-column elementor-col-100 elementor-top-column elementor-element elementor-element-459217a\" data-id=\"459217a\" data-element_type=\"column\" data-e-type=\"column\">\n\t\t\t<div class=\"elementor-widget-wrap elementor-element-populated\">\n\t\t\t\t\t\t<div class=\"elementor-element elementor-element-d311112 elementor-align-left elementor-widget elementor-widget-bdevs-contact-banner\" data-id=\"d311112\" data-element_type=\"widget\" data-e-type=\"widget\" data-widget_type=\"bdevs-contact-banner.default\">\n\t\t\t\t<div class=\"elementor-widget-container\">\n\t\t\t\t\t  \r\n    <section class=\"contact-banner banner-area\">\r\n            <div class=\"container-fluid\">\r\n                <div class=\"contact-title row align-items-center text-center justify-content-between wow fadeInUp delay-0-2s py-128\">\r\n                                        <h1>Privacy Notice<\/h1>\r\n                                    <\/div>\r\n            <\/div>\r\n        <\/section>\r\n    \t\t\t\t<\/div>\n\t\t\t\t<\/div>\n\t\t\t\t\t<\/div>\n\t\t<\/div>\n\t\t\t\t\t<\/div>\n\t\t<\/section>\n\t\t<div class=\"elementor-element elementor-element-faa4779 e-flex e-con-boxed e-con e-parent\" data-id=\"faa4779\" data-element_type=\"container\" data-e-type=\"container\">\n\t\t\t\t\t<div class=\"e-con-inner\">\n\t\t\t\t<div class=\"elementor-element elementor-element-cf6651a elementor-widget elementor-widget-text-editor\" data-id=\"cf6651a\" data-element_type=\"widget\" data-e-type=\"widget\" data-widget_type=\"text-editor.default\">\n\t\t\t\t<div class=\"elementor-widget-container\">\n\t\t\t\t\t\t\t\t\t<p class=\"punto\"><strong>1.- Objeto<\/strong><\/p><p class=\"textJust\">Este documento regula la forma, t\u00e9rminos y condiciones conforme a los cuales la Empresa, incluyendo a sus empresas subsidiarias y empresas relacionadas, est\u00e1n facultadas y autorizadas por el Titular para obtener y tratar los datos personales (en lo sucesivo los \u201cDatos\u201d) del Titular.<\/p><p class=\"punto\"><strong>2.- Responsable<\/strong><\/p><p class=\"textJust\">En cumplimiento a la Ley Federal de Protecci\u00f3n de Datos Personales en Posesi\u00f3n de los Particulares, Promotora y Urbanizadora Santa Fe, S.A. de C.V. (en adelante \u201cla Empresa\u201d) es responsable de recabar sus datos personales, del uso que se le d\u00e9 a los mismos, as\u00ed como de su protecci\u00f3n.<\/p><p class=\"punto\"><strong>3.-Derechos ARCO<\/strong><\/p><p class=\"textJust\">El titular de los datos personales tiene derecho a conocer qu\u00e9 datos personales tenemos de usted, para qu\u00e9 los utilizamos y las condiciones del uso que les damos (Acceso). Asimismo, es su derecho solicitar la correcci\u00f3n de su informaci\u00f3n personal en caso de que est\u00e9 desactualizada, sea inexacta o incompleta (Rectificaci\u00f3n); que la eliminemos de nuestros registros o bases de datos cuando considere que la misma no est\u00e1 siendo utilizada adecuadamente (Cancelaci\u00f3n); as\u00ed como oponerse al uso de sus datos personales para fines espec\u00edficos (Oposici\u00f3n). Estos derechos se conocen como derechos ARCO.<\/p><div class=\"clear10\">\u00a0<\/div><p class=\"textJust\">Para el ejercicio de cualquiera de los derechos ARCO, usted deber\u00e1 presentar la solicitud respectiva enviando un correo electr\u00f3nico a la direcci\u00f3n\u00a0<a href=\"mailto:legal@calakmul.com.mx\">legal@calakmul.com.mx<\/a>.<\/p><p class=\"textJust\">El sitio Web de \u201cla Empresa\u201d le ofrece a Usted condicionado a la aceptaci\u00f3n sin excepciones de los t\u00e9rminos, condiciones y avisos aqu\u00ed contenidos. El uso por su parte del sitio Web de \u201cla Empresa\u201d constituye en s\u00ed mismo su aceptaci\u00f3n a todos sus t\u00e9rminos, condiciones y avisos.<\/p><p class=\"textJust\">Protegemos y salvaguardamos sus datos personales para evitar el da\u00f1o, p\u00e9rdida, destrucci\u00f3n, robo, extrav\u00edo, alteraci\u00f3n, as\u00ed como el tratamiento no autorizado de sus datos personales.<\/p><p class=\"textJust\">Datos Excluidos. El sitio web de \u201cla Empresa\u201d puede incluir enlaces a sitios web de terceros. Si usted accesa a dichos enlaces, abandonar\u00e1 el sitio web de \u201cla Empresa\u201d, por lo cual \u201cla Empresa\u201d no asume ninguna responsabilidad en relaci\u00f3n con esos sitios web de terceros.<\/p><p class=\"punto\"><strong>4.- Datos personales<\/strong><\/p><p class=\"textJust\">\u201cLos Datos\u201d proporcionados por \u201cSitio Web\u201d de \u201cla Empresa\u201d deber\u00e1 ser veraz y completa. El usuario responder\u00e1 en todo momento por los datos proporcionados y en ning\u00fan caso \u201cla Empresa\u201d ser\u00e1 responsable de la veracidad de los mismos.<\/p><p class=\"textJust\">El Titular proporcionar\u00e1 voluntariamente \u201clos Datos\u201d a la Empresa, ya sea por escrito, verbalmente, electr\u00f3nicamente, mediante encuestas, su ingreso directo al sitio de Internet de la Empresa o mediante el env\u00edo de archivos electr\u00f3nicos o de cualquier otra naturaleza, incluyendo, entrega directa de informaci\u00f3n, acceso al sitio de Internet de \u201cla Empresa\u201d o el de sus clientes o afiliadas (en donde se haga referencia a este Aviso de Privacidad), llamadas telef\u00f3nicas y\/o solicitudes por correo electr\u00f3nico.<\/p><p class=\"textJust\">Los datos recabados en el sitio www.calakmul.com.mx son: Nombre, Mail, Tel\u00e9fono, Compa\u00f1\u00eda en la que labora o que representa y Pa\u00eds.<\/p><p class=\"textJust\">El Titular de los datos personales acepta que \u201cla Empresa\u201d tambi\u00e9n podr\u00e1 obtener Datos del Titular de otros medios, como informaci\u00f3n que se obtenga de otras fuentes comercialmente disponibles, como por ejemplo directorios telef\u00f3nicos, directorios laborales, tarjetas de presentaci\u00f3n o bases de datos p\u00fablicas.<\/p><p class=\"textJust\">Sus datos personales ser\u00e1n tratados con base en los principios de licitud, consentimiento, informaci\u00f3n, calidad, finalidad, lealtad, proporcionalidad y responsabilidad en t\u00e9rminos de la Legislaci\u00f3n.<\/p><p class=\"punto\"><strong>5.- Protecci\u00f3n<\/strong><\/p><p class=\"textJust\">Se mantendr\u00e1 la confidencialidad de sus datos personales estableciendo y manteniendo de forma efectiva las medidas de seguridad administrativas, t\u00e9cnicas y f\u00edsicas, para evitar su da\u00f1o, p\u00e9rdida, alteraci\u00f3n, destrucci\u00f3n, uso, acceso o divulgaci\u00f3n indebida.<\/p><p class=\"punto\"><strong>6.- Autoridad Competente<\/strong><\/p><p class=\"textJust\">Si el usuario considera que han sido vulnerados sus derechos respecto de la protecci\u00f3n de datos personales, tiene el derecho de acudir a la autoridad correspondiente para defender su ejercicio. La autoridad es el Instituto Nacional de Transparencia, Acceso a la Informaci\u00f3n y Protecci\u00f3n de Datos Personales (INAI), su sitio web es:\u00a0<a href=\"https:\/\/www.inai.org.mx\/\">www.inai.org.mx<\/a><\/p><div class=\"clear10\">\u00a0<\/div><p class=\"punto\">7.- Ley aplicable y jurisdicci\u00f3n<\/p><p class=\"textJust\">Los presentes T\u00e9rminos y Condiciones se rigen por la legislaci\u00f3n de los Estados Unidos Mexicanos que resulte aplicable en cada caso. En caso de cualquier controversia y para la resoluci\u00f3n de cualesquiera conflictos, las partes acuerdan someterse, con renuncia a cualquier otro fuero o jurisdicci\u00f3n al que pudieran tener derecho, a los tribunales competentes con sede en la Ciudad de M\u00e9xico.<\/p><p class=\"punto\"><em><strong>Fecha de la \u00faltima actualizaci\u00f3n<\/strong><\/em><\/p><p class=\"textJust\">Estimado usuario, se le notifica que el Aviso de Privacidad ha sido modificado el d\u00eda 02 de enero de 2022.<\/p>\t\t\t\t\t\t\t\t<\/div>\n\t\t\t\t<\/div>\n\t\t\t\t\t<\/div>\n\t\t\t\t<\/div>\n\t\t\t\t<\/div>","protected":false},"excerpt":{"rendered":"<p>Aviso de Privacidad 1.- Objeto Este documento regula la forma, t\u00e9rminos y condiciones conforme a los cuales la Empresa, incluyendo a sus empresas subsidiarias y empresas relacionadas, est\u00e1n facultadas y autorizadas por el Titular para obtener y tratar los datos personales (en lo sucesivo los \u201cDatos\u201d) del Titular. 2.- Responsable En cumplimiento a la Ley [&hellip;]<\/p>\n","protected":false},"author":1,"featured_media":0,"parent":0,"menu_order":0,"comment_status":"closed","ping_status":"closed","template":"page-templates\/home-1.php","meta":{"_monsterinsights_skip_tracking":false,"_monsterinsights_sitenote_active":false,"_monsterinsights_sitenote_note":"","_monsterinsights_sitenote_category":0,"footnotes":""},"class_list":["post-275","page","type-page","status-publish","hentry"],"yoast_head":"<!-- This site is optimized with the Yoast SEO plugin v27.2 - https:\/\/yoast.com\/product\/yoast-seo-wordpress\/ -->\n<title>Aviso de Privacidad - Calakmul<\/title>\n<meta name=\"robots\" content=\"index, follow, max-snippet:-1, max-image-preview:large, max-video-preview:-1\" \/>\n<link rel=\"canonical\" href=\"https:\/\/calakmul.com.mx\/en\/aviso-de-privacidad\/\" \/>\n<meta property=\"og:locale\" content=\"en_US\" \/>\n<meta property=\"og:type\" content=\"article\" \/>\n<meta property=\"og:title\" content=\"Aviso de Privacidad - Calakmul\" \/>\n<meta property=\"og:description\" content=\"Aviso de Privacidad 1.- Objeto Este documento regula la forma, t\u00e9rminos y condiciones conforme a los cuales la Empresa, incluyendo a sus empresas subsidiarias y empresas relacionadas, est\u00e1n facultadas y autorizadas por el Titular para obtener y tratar los datos personales (en lo sucesivo los \u201cDatos\u201d) del Titular. 2.- Responsable En cumplimiento a la Ley [&hellip;]\" \/>\n<meta property=\"og:url\" content=\"https:\/\/calakmul.com.mx\/en\/aviso-de-privacidad\/\" \/>\n<meta property=\"og:site_name\" content=\"Calakmul\" \/>\n<meta property=\"article:publisher\" content=\"https:\/\/www.facebook.com\/calakmularteyarquitectura\" \/>\n<meta property=\"article:modified_time\" content=\"2025-04-23T02:59:13+00:00\" \/>\n<meta property=\"og:image\" content=\"https:\/\/calakmul.com.mx\/wp-content\/uploads\/2025\/06\/logo-seo-.png\" \/>\n\t<meta property=\"og:image:width\" content=\"1104\" \/>\n\t<meta property=\"og:image:height\" content=\"580\" \/>\n\t<meta property=\"og:image:type\" content=\"image\/png\" \/>\n<meta name=\"twitter:card\" content=\"summary_large_image\" \/>\n<meta name=\"twitter:label1\" content=\"Est. reading time\" \/>\n\t<meta name=\"twitter:data1\" content=\"4 minutes\" \/>\n<script type=\"application\/ld+json\" class=\"yoast-schema-graph\">{\"@context\":\"https:\/\/schema.org\",\"@graph\":[{\"@type\":\"WebPage\",\"@id\":\"https:\/\/calakmul.com.mx\/aviso-de-privacidad\/\",\"url\":\"https:\/\/calakmul.com.mx\/aviso-de-privacidad\/\",\"name\":\"Aviso de Privacidad - Calakmul\",\"isPartOf\":{\"@id\":\"https:\/\/calakmul.com.mx\/#website\"},\"datePublished\":\"2024-08-22T14:57:33+00:00\",\"dateModified\":\"2025-04-23T02:59:13+00:00\",\"breadcrumb\":{\"@id\":\"https:\/\/calakmul.com.mx\/aviso-de-privacidad\/#breadcrumb\"},\"inLanguage\":\"en-US\",\"potentialAction\":[{\"@type\":\"ReadAction\",\"target\":[\"https:\/\/calakmul.com.mx\/aviso-de-privacidad\/\"]}]},{\"@type\":\"BreadcrumbList\",\"@id\":\"https:\/\/calakmul.com.mx\/aviso-de-privacidad\/#breadcrumb\",\"itemListElement\":[{\"@type\":\"ListItem\",\"position\":1,\"name\":\"Inicio\",\"item\":\"https:\/\/calakmul.com.mx\/\"},{\"@type\":\"ListItem\",\"position\":2,\"name\":\"Aviso de Privacidad\"}]},{\"@type\":\"WebSite\",\"@id\":\"https:\/\/calakmul.com.mx\/#website\",\"url\":\"https:\/\/calakmul.com.mx\/\",\"name\":\"Calakmul\",\"description\":\"Calakmul\u00ae, Arte como Arquitectura\",\"publisher\":{\"@id\":\"https:\/\/calakmul.com.mx\/#organization\"},\"alternateName\":\"Calakmul\",\"potentialAction\":[{\"@type\":\"SearchAction\",\"target\":{\"@type\":\"EntryPoint\",\"urlTemplate\":\"https:\/\/calakmul.com.mx\/?s={search_term_string}\"},\"query-input\":{\"@type\":\"PropertyValueSpecification\",\"valueRequired\":true,\"valueName\":\"search_term_string\"}}],\"inLanguage\":\"en-US\"},{\"@type\":\"Organization\",\"@id\":\"https:\/\/calakmul.com.mx\/#organization\",\"name\":\"Calakmul\",\"alternateName\":\"Calakmul\",\"url\":\"https:\/\/calakmul.com.mx\/\",\"logo\":{\"@type\":\"ImageObject\",\"inLanguage\":\"en-US\",\"@id\":\"https:\/\/calakmul.com.mx\/#\/schema\/logo\/image\/\",\"url\":\"\",\"contentUrl\":\"\",\"caption\":\"Calakmul\"},\"image\":{\"@id\":\"https:\/\/calakmul.com.mx\/#\/schema\/logo\/image\/\"},\"sameAs\":[\"https:\/\/www.facebook.com\/calakmularteyarquitectura\",\"https:\/\/www.instagram.com\/calakmul_arte_y_arquitectura\/\",\"https:\/\/www.linkedin.com\/company\/calakmul-arte-y-arquitectura\/?originalSubdomain=mx\"]}]}<\/script>\n<!-- \/ Yoast SEO plugin. -->","yoast_head_json":{"title":"Aviso de Privacidad - Calakmul","robots":{"index":"index","follow":"follow","max-snippet":"max-snippet:-1","max-image-preview":"max-image-preview:large","max-video-preview":"max-video-preview:-1"},"canonical":"https:\/\/calakmul.com.mx\/en\/aviso-de-privacidad\/","og_locale":"en_US","og_type":"article","og_title":"Aviso de Privacidad - Calakmul","og_description":"Aviso de Privacidad 1.- Objeto Este documento regula la forma, t\u00e9rminos y condiciones conforme a los cuales la Empresa, incluyendo a sus empresas subsidiarias y empresas relacionadas, est\u00e1n facultadas y autorizadas por el Titular para obtener y tratar los datos personales (en lo sucesivo los \u201cDatos\u201d) del Titular. 2.- Responsable En cumplimiento a la Ley [&hellip;]","og_url":"https:\/\/calakmul.com.mx\/en\/aviso-de-privacidad\/","og_site_name":"Calakmul","article_publisher":"https:\/\/www.facebook.com\/calakmularteyarquitectura","article_modified_time":"2025-04-23T02:59:13+00:00","og_image":[{"width":1104,"height":580,"url":"https:\/\/calakmul.com.mx\/wp-content\/uploads\/2025\/06\/logo-seo-.png","type":"image\/png"}],"twitter_card":"summary_large_image","twitter_misc":{"Est. reading time":"4 minutes"},"schema":{"@context":"https:\/\/schema.org","@graph":[{"@type":"WebPage","@id":"https:\/\/calakmul.com.mx\/aviso-de-privacidad\/","url":"https:\/\/calakmul.com.mx\/aviso-de-privacidad\/","name":"Aviso de Privacidad - Calakmul","isPartOf":{"@id":"https:\/\/calakmul.com.mx\/#website"},"datePublished":"2024-08-22T14:57:33+00:00","dateModified":"2025-04-23T02:59:13+00:00","breadcrumb":{"@id":"https:\/\/calakmul.com.mx\/aviso-de-privacidad\/#breadcrumb"},"inLanguage":"en-US","potentialAction":[{"@type":"ReadAction","target":["https:\/\/calakmul.com.mx\/aviso-de-privacidad\/"]}]},{"@type":"BreadcrumbList","@id":"https:\/\/calakmul.com.mx\/aviso-de-privacidad\/#breadcrumb","itemListElement":[{"@type":"ListItem","position":1,"name":"Inicio","item":"https:\/\/calakmul.com.mx\/"},{"@type":"ListItem","position":2,"name":"Aviso de Privacidad"}]},{"@type":"WebSite","@id":"https:\/\/calakmul.com.mx\/#website","url":"https:\/\/calakmul.com.mx\/","name":"Calakmul","description":"Calakmul\u00ae, Arte como Arquitectura","publisher":{"@id":"https:\/\/calakmul.com.mx\/#organization"},"alternateName":"Calakmul","potentialAction":[{"@type":"SearchAction","target":{"@type":"EntryPoint","urlTemplate":"https:\/\/calakmul.com.mx\/?s={search_term_string}"},"query-input":{"@type":"PropertyValueSpecification","valueRequired":true,"valueName":"search_term_string"}}],"inLanguage":"en-US"},{"@type":"Organization","@id":"https:\/\/calakmul.com.mx\/#organization","name":"Calakmul","alternateName":"Calakmul","url":"https:\/\/calakmul.com.mx\/","logo":{"@type":"ImageObject","inLanguage":"en-US","@id":"https:\/\/calakmul.com.mx\/#\/schema\/logo\/image\/","url":"","contentUrl":"","caption":"Calakmul"},"image":{"@id":"https:\/\/calakmul.com.mx\/#\/schema\/logo\/image\/"},"sameAs":["https:\/\/www.facebook.com\/calakmularteyarquitectura","https:\/\/www.instagram.com\/calakmul_arte_y_arquitectura\/","https:\/\/www.linkedin.com\/company\/calakmul-arte-y-arquitectura\/?originalSubdomain=mx"]}]}},"_links":{"self":[{"href":"https:\/\/calakmul.com.mx\/en\/wp-json\/wp\/v2\/pages\/275","targetHints":{"allow":["GET"]}}],"collection":[{"href":"https:\/\/calakmul.com.mx\/en\/wp-json\/wp\/v2\/pages"}],"about":[{"href":"https:\/\/calakmul.com.mx\/en\/wp-json\/wp\/v2\/types\/page"}],"author":[{"embeddable":true,"href":"https:\/\/calakmul.com.mx\/en\/wp-json\/wp\/v2\/users\/1"}],"replies":[{"embeddable":true,"href":"https:\/\/calakmul.com.mx\/en\/wp-json\/wp\/v2\/comments?post=275"}],"version-history":[{"count":7,"href":"https:\/\/calakmul.com.mx\/en\/wp-json\/wp\/v2\/pages\/275\/revisions"}],"predecessor-version":[{"id":918,"href":"https:\/\/calakmul.com.mx\/en\/wp-json\/wp\/v2\/pages\/275\/revisions\/918"}],"wp:attachment":[{"href":"https:\/\/calakmul.com.mx\/en\/wp-json\/wp\/v2\/media?parent=275"}],"curies":[{"name":"wp","href":"https:\/\/api.w.org\/{rel}","templated":true}]}}