






{"id":927,"date":"2025-04-23T03:00:00","date_gmt":"2025-04-23T03:00:00","guid":{"rendered":"https:\/\/calakmul.com.mx\/?page_id=927"},"modified":"2025-04-23T03:01:27","modified_gmt":"2025-04-23T03:01:27","slug":"terminos-y-condiciones","status":"publish","type":"page","link":"https:\/\/calakmul.com.mx\/en\/terminos-y-condiciones\/","title":{"rendered":"Terms and Conditions"},"content":{"rendered":"<div data-elementor-type=\"wp-page\" data-elementor-id=\"927\" class=\"elementor elementor-927\" data-elementor-post-type=\"page\">\n\t\t\t\t<div class=\"elementor-element elementor-element-535cd91 e-flex e-con-boxed e-con e-parent\" data-id=\"535cd91\" data-element_type=\"container\" data-e-type=\"container\">\n\t\t\t\t\t<div class=\"e-con-inner\">\n\t\t\t\t<div class=\"elementor-element elementor-element-edeab0e elementor-align-left elementor-widget elementor-widget-bdevs-contact-banner\" data-id=\"edeab0e\" data-element_type=\"widget\" data-e-type=\"widget\" data-widget_type=\"bdevs-contact-banner.default\">\n\t\t\t\t<div class=\"elementor-widget-container\">\n\t\t\t\t\t  \r\n    <section class=\"contact-banner banner-area\">\r\n            <div class=\"container-fluid\">\r\n                <div class=\"contact-title row align-items-center text-center justify-content-between wow fadeInUp delay-0-2s py-128\">\r\n                                        <h1>T\u00e9rminos y Condiciones<\/h1>\r\n                                    <\/div>\r\n            <\/div>\r\n        <\/section>\r\n    \t\t\t\t<\/div>\n\t\t\t\t<\/div>\n\t\t\t\t\t<\/div>\n\t\t\t\t<\/div>\n\t\t<div class=\"elementor-element elementor-element-6e43458 e-flex e-con-boxed e-con e-parent\" data-id=\"6e43458\" data-element_type=\"container\" data-e-type=\"container\">\n\t\t\t\t\t<div class=\"e-con-inner\">\n\t\t\t\t<div class=\"elementor-element elementor-element-e3d82b9 elementor-widget elementor-widget-text-editor\" data-id=\"e3d82b9\" data-element_type=\"widget\" data-e-type=\"widget\" data-widget_type=\"text-editor.default\">\n\t\t\t\t<div class=\"elementor-widget-container\">\n\t\t\t\t\t\t\t\t\t<p class=\"punto\"><strong>1.- \u00c1mbito de Aplicaci\u00f3n<\/strong><\/p><p class=\"textJust\">Los presentes T\u00e9rminos y Condiciones (en adelante, los \u201cT\u00e9rminos y condiciones\u201d) regulan el uso del sitio web actualmente disponible en la direcci\u00f3n electr\u00f3nica\u00a0<a href=\"https:\/\/calakmul.com.mx\/en\/www.calakmul.com.mx\/\">www.calakmul.com.mx\u00a0<\/a>(en adelante \u201cel sitio Web\u201d), misma que es propiedad de la empresa Promotora y Urbanizadora Santa Fe, S.A. de C.V. con domicilio en Parque V\u00eda 210, Colonia Cuauht\u00e9moc, Alcald\u00eda Cuauht\u00e9moc, C.P. 06500, Ciudad de M\u00e9xico, M\u00e9xico, con nombre comercial Calakmul (en adelante \u201cLa Empresa\u201d). Toda persona que acceda a \u201cEl sitio Web\u201d se obliga a cumplir con los \u201cT\u00e9rminos y Condiciones\u201d.<\/p><p class=\"punto\"><strong>2.- Pol\u00edtica de Privacidad<\/strong><\/p><p class=\"textJust\">La pol\u00edtica de Privacidad se encuentra definida y publicada en \u201cel sitio Web\u201d y es de aplicaci\u00f3n general para cualquier Usuario del mismo, por lo que el Usuario es el responsable de leer dicha pol\u00edtica para poder estar en conocimiento de los derechos y obligaciones con los que cuenta el titular de los datos personales.<\/p><p class=\"punto\"><strong>3.- Propiedad industrial e intelectual<\/strong><\/p><p class=\"textJust\">Calakmul y su dise\u00f1o es una marca y nombre comercial registrados ante el Instituto Mexicano de la Propiedad Industrial por lo que queda estrictamente prohibido cualquier uso y\/o divulgaci\u00f3n de la marca y\/o su dise\u00f1o.<br \/>Las fotograf\u00edas y el contenido de \u201cel sitio web\u201d se encuentran protegidos por derechos de autor por lo que queda estrictamente prohibido cualquier uso y\/o divulgaci\u00f3n.<\/p><p class=\"punto\"><strong>4.- Cambios en los t\u00e9rminos y condiciones<\/strong><\/p><p class=\"textJust\">Nos reservamos el derecho de efectuar en cualquier momento modificaciones o actualizaciones al presente documento, para la atenci\u00f3n de novedades legislativas o jurisprudenciales, pol\u00edticas internas, nuevos requerimientos para la prestaci\u00f3n u ofrecimiento de nuestros servicios o productos y pr\u00e1cticas del mercado. Estas modificaciones estar\u00e1n disponibles al p\u00fablico a trav\u00e9s de nuestra p\u00e1gina de Internet\u00a0<a href=\"https:\/\/calakmul.com.mx\/en\/\">www.calakmul.com.mx<\/a>, t\u00e9rminos y condiciones.<\/p><p class=\"punto\"><strong>5.- Uso de servicios de comunicaci\u00f3n<\/strong><\/p><p class=\"textJust\">El sitio Web de \u201cla Empresa\u201d puede contener servicios de BBS, \u00e1reas de Chat, grupos de usuarios, foros de discusi\u00f3n, comunidades, p\u00e1ginas Web personales, calendarios y\/u otras facilidades de mensajer\u00eda o comunicaci\u00f3n, dise\u00f1adas para permitirle a Usted comunicarse con el p\u00fablico en general o con un grupo de personas (en adelante, \u201cServicios de Comunicaci\u00f3n\u201d).<\/p><p class=\"textJust\">Usted acepta usar los Servicios de Comunicaci\u00f3n s\u00f3lo para anunciar, enviar o recibir mensajes y material que sea apropiado y relativo al Servicio de Comunicaci\u00f3n en particular. De manera enunciativa y no limitativa se enlistan las acciones que usted acepta que cuando utilice un Servicio de Comunicaci\u00f3n, no podr\u00e1:<\/p><p class=\"textJust\">Difamar, abusar, acosar, acechar, amenazar o de alguna forma violar los derechos legales (como los derechos de privacidad y publicidad) de otros.<\/p><p class=\"textJust\">Publicar, anunciar, subir, distribuir o diseminar ning\u00fan t\u00f3pico, nombre, material o informaci\u00f3n, que sea inapropiada, indecente, transgresora, difamatoria, obscena o ilegal.<\/p><p class=\"textJust\">Subir archivos que contengan software u otro material protegido por leyes de propiedad intelectual (o derechos de privacidad o publicidad) a menos que Usted sea el propietario o controle los derechos respectivos, o haya recibido el necesario consentimiento expreso.<\/p><p class=\"textJust\">Publicar u ofrecer a la venta o a la compra cualquier bien o servicio con prop\u00f3sitos comerciales, excepto en el caso que dicho Servicio de Comunicaci\u00f3n permita espec\u00edficamente ese tipo de mensajes.<\/p><p class=\"textJust\">Dirigir o reenviar encuestas, cert\u00e1menes, cadenas de cartas o esquemas piramidales.<\/p><p class=\"textJust\">Bajar archivos subidos por otro usuario de un Servicio de Comunicaci\u00f3n cuando Usted tuviera o razonablemente debiera tener conocimiento de que no deban distribuirse legalmente de esa forma.<\/p><p class=\"textJust\">Falsificar o eliminar cualquier referencia al autor, referencia legal o avisos o designaciones propietarias o r\u00f3tulos del origen o fuente del software u otro material contenidos en un archivo que se sube.<\/p><p class=\"textJust\">Restringir o inhibir que otros usuarios puedan usar y disfrutar de los Servicios de Comunicaci\u00f3n.<\/p><p class=\"textJust\">Violar cualesquiera c\u00f3digos de conducta u otras gu\u00edas que puedan aplicarse a un Servicio de Comunicaci\u00f3n en particular.<\/p><p class=\"textJust\">Recoger o cualquier forma de recolectar informaci\u00f3n acerca de otros, incluyendo direcciones de correo electr\u00f3nico sin su consentimiento.<\/p><p class=\"textJust\">Violar leyes o regulaciones aplicables.<br \/>La empresa no tiene obligaci\u00f3n de monitorear los Servicios de Comunicaci\u00f3n. No obstante, \u201cla Empresa\u201d se reserva el derecho de revisar los materiales anunciados en los Servicios de Comunicaci\u00f3n y quitarlos a discreci\u00f3n. La empresa se reserva el derecho de quitarle a Usted el acceso a cualquiera o todos los Servicios de Comunicaci\u00f3n, en cualquier momento sin previo aviso y por la raz\u00f3n que sea.<\/p><p class=\"textJust\">\u201cla Empresa\u201d se reserva el derecho en cualquier momento a revelar informaci\u00f3n cuando sea necesario cumplir con cualesquiera leyes aplicables, regulaciones, procesos legales, pedidos del gobierno, o editar, denegar la publicaci\u00f3n, o eliminar cualquier informaci\u00f3n o material, en su totalidad o en parte, a la sola discreci\u00f3n de \u201cla Empresa\u201d.<\/p><p class=\"textJust\">Sea siempre cuidadoso al dar cualquier informaci\u00f3n personal que lo identifique a Usted o a sus hijos en todo Servicio de Comunicaci\u00f3n. \u201cla Empresa\u201d no controla ni aprueba el contenido, mensajes, o informaci\u00f3n encontrada en los Servicios de Comunicaci\u00f3n y, por tanto, \u201cla Empresa\u201d niega espec\u00edficamente cualquier responsabilidad en relaci\u00f3n con los Servicios de Comunicaci\u00f3n y con cualesquiera acciones resultantes de su participaci\u00f3n en cualquier Servicio de Comunicaci\u00f3n. Los administradores y anfitriones no son voceros autorizados de la empresa, y sus puntos de vista no necesariamente reflejan aquellos de \u201cla Empresa\u201d.<\/p><p class=\"textJust\">Los materiales subidos a un Servicio de Comunicaci\u00f3n pueden estar sujetos a limitaciones en el uso, reproducci\u00f3n o difusi\u00f3n dispuestas por la persona que los haya subido. Usted es responsable de cumplir con dichas limitaciones si baja esos materiales.<\/p><p class=\"punto\"><strong>6.- Modificaciones a estos t\u00e9rminos de uso<\/strong><\/p><p class=\"textJust\">\u201cla Empresa\u201d se reserva el derecho a modificar los t\u00e9rminos, condiciones y avisos bajo los cuales se ofrece el sitio \u201cla Empresa\u201d, incluyendo, pero no limitado a, los cargos asociados por el uso del sitio Web\u00a0<a href=\"https:\/\/calakmul.com.mx\/en\/www.calakmul.com.mx\/\">www.calakmul.com.mx<\/a><\/p><p class=\"punto\"><strong>7.- Ley aplicable y jurisdicci\u00f3n<\/strong><\/p><p class=\"textJust\">Los presentes T\u00e9rminos y Condiciones se rigen por la legislaci\u00f3n de los Estados Unidos Mexicanos que resulte aplicable en cada caso. En caso de cualquier controversia y para la resoluci\u00f3n de cualesquiera conflictos, las partes acuerdan someterse, con renuncia a cualquier otro fuero o jurisdicci\u00f3n al que pudieran tener derecho, a los tribunales competentes con sede en la Ciudad de M\u00e9xico.<\/p><p class=\"punto\"><em><strong>Fecha de la \u00faltima actualizaci\u00f3n<\/strong><\/em><\/p><p class=\"textJust\">Estimado usuario, se le notifica que el Aviso de Privacidad ha sido modificado el d\u00eda 15 de diciembre de 2021.<\/p>\t\t\t\t\t\t\t\t<\/div>\n\t\t\t\t<\/div>\n\t\t\t\t\t<\/div>\n\t\t\t\t<\/div>\n\t\t\t\t<\/div>","protected":false},"excerpt":{"rendered":"<p>T\u00e9rminos y Condiciones 1.- \u00c1mbito de Aplicaci\u00f3n Los presentes T\u00e9rminos y Condiciones (en adelante, los \u201cT\u00e9rminos y condiciones\u201d) regulan el uso del sitio web actualmente disponible en la direcci\u00f3n electr\u00f3nica\u00a0www.calakmul.com.mx\u00a0(en adelante \u201cel sitio Web\u201d), misma que es propiedad de la empresa Promotora y Urbanizadora Santa Fe, S.A. de C.V. con domicilio en Parque V\u00eda 210, [&hellip;]<\/p>\n","protected":false},"author":1,"featured_media":0,"parent":0,"menu_order":0,"comment_status":"closed","ping_status":"closed","template":"elementor_header_footer","meta":{"_monsterinsights_skip_tracking":false,"_monsterinsights_sitenote_active":false,"_monsterinsights_sitenote_note":"","_monsterinsights_sitenote_category":0,"footnotes":""},"class_list":["post-927","page","type-page","status-publish","hentry"],"yoast_head":"<!-- This site is optimized with the Yoast SEO plugin v27.2 - https:\/\/yoast.com\/product\/yoast-seo-wordpress\/ -->\n<title>T\u00e9rminos y condiciones - Calakmul<\/title>\n<meta name=\"robots\" content=\"index, follow, max-snippet:-1, max-image-preview:large, max-video-preview:-1\" \/>\n<link rel=\"canonical\" href=\"https:\/\/calakmul.com.mx\/en\/terminos-y-condiciones\/\" \/>\n<meta property=\"og:locale\" content=\"en_US\" \/>\n<meta property=\"og:type\" content=\"article\" \/>\n<meta property=\"og:title\" content=\"T\u00e9rminos y condiciones - Calakmul\" \/>\n<meta property=\"og:description\" content=\"T\u00e9rminos y Condiciones 1.- \u00c1mbito de Aplicaci\u00f3n Los presentes T\u00e9rminos y Condiciones (en adelante, los \u201cT\u00e9rminos y condiciones\u201d) regulan el uso del sitio web actualmente disponible en la direcci\u00f3n electr\u00f3nica\u00a0www.calakmul.com.mx\u00a0(en adelante \u201cel sitio Web\u201d), misma que es propiedad de la empresa Promotora y Urbanizadora Santa Fe, S.A. de C.V. con domicilio en Parque V\u00eda 210, [&hellip;]\" \/>\n<meta property=\"og:url\" content=\"https:\/\/calakmul.com.mx\/en\/terminos-y-condiciones\/\" \/>\n<meta property=\"og:site_name\" content=\"Calakmul\" \/>\n<meta property=\"article:publisher\" content=\"https:\/\/www.facebook.com\/calakmularteyarquitectura\" \/>\n<meta property=\"article:modified_time\" content=\"2025-04-23T03:01:27+00:00\" \/>\n<meta property=\"og:image\" content=\"https:\/\/calakmul.com.mx\/wp-content\/uploads\/2025\/06\/logo-seo-.png\" \/>\n\t<meta property=\"og:image:width\" content=\"1104\" \/>\n\t<meta property=\"og:image:height\" content=\"580\" \/>\n\t<meta property=\"og:image:type\" content=\"image\/png\" \/>\n<meta name=\"twitter:card\" content=\"summary_large_image\" \/>\n<meta name=\"twitter:label1\" content=\"Est. reading time\" \/>\n\t<meta name=\"twitter:data1\" content=\"6 minutes\" \/>\n<script type=\"application\/ld+json\" class=\"yoast-schema-graph\">{\"@context\":\"https:\/\/schema.org\",\"@graph\":[{\"@type\":\"WebPage\",\"@id\":\"https:\/\/calakmul.com.mx\/terminos-y-condiciones\/\",\"url\":\"https:\/\/calakmul.com.mx\/terminos-y-condiciones\/\",\"name\":\"T\u00e9rminos y condiciones - Calakmul\",\"isPartOf\":{\"@id\":\"https:\/\/calakmul.com.mx\/#website\"},\"datePublished\":\"2025-04-23T03:00:00+00:00\",\"dateModified\":\"2025-04-23T03:01:27+00:00\",\"breadcrumb\":{\"@id\":\"https:\/\/calakmul.com.mx\/terminos-y-condiciones\/#breadcrumb\"},\"inLanguage\":\"en-US\",\"potentialAction\":[{\"@type\":\"ReadAction\",\"target\":[\"https:\/\/calakmul.com.mx\/terminos-y-condiciones\/\"]}]},{\"@type\":\"BreadcrumbList\",\"@id\":\"https:\/\/calakmul.com.mx\/terminos-y-condiciones\/#breadcrumb\",\"itemListElement\":[{\"@type\":\"ListItem\",\"position\":1,\"name\":\"Inicio\",\"item\":\"https:\/\/calakmul.com.mx\/\"},{\"@type\":\"ListItem\",\"position\":2,\"name\":\"T\u00e9rminos y condiciones\"}]},{\"@type\":\"WebSite\",\"@id\":\"https:\/\/calakmul.com.mx\/#website\",\"url\":\"https:\/\/calakmul.com.mx\/\",\"name\":\"Calakmul\",\"description\":\"Calakmul\u00ae, Arte como Arquitectura\",\"publisher\":{\"@id\":\"https:\/\/calakmul.com.mx\/#organization\"},\"alternateName\":\"Calakmul\",\"potentialAction\":[{\"@type\":\"SearchAction\",\"target\":{\"@type\":\"EntryPoint\",\"urlTemplate\":\"https:\/\/calakmul.com.mx\/?s={search_term_string}\"},\"query-input\":{\"@type\":\"PropertyValueSpecification\",\"valueRequired\":true,\"valueName\":\"search_term_string\"}}],\"inLanguage\":\"en-US\"},{\"@type\":\"Organization\",\"@id\":\"https:\/\/calakmul.com.mx\/#organization\",\"name\":\"Calakmul\",\"alternateName\":\"Calakmul\",\"url\":\"https:\/\/calakmul.com.mx\/\",\"logo\":{\"@type\":\"ImageObject\",\"inLanguage\":\"en-US\",\"@id\":\"https:\/\/calakmul.com.mx\/#\/schema\/logo\/image\/\",\"url\":\"\",\"contentUrl\":\"\",\"caption\":\"Calakmul\"},\"image\":{\"@id\":\"https:\/\/calakmul.com.mx\/#\/schema\/logo\/image\/\"},\"sameAs\":[\"https:\/\/www.facebook.com\/calakmularteyarquitectura\",\"https:\/\/www.instagram.com\/calakmul_arte_y_arquitectura\/\",\"https:\/\/www.linkedin.com\/company\/calakmul-arte-y-arquitectura\/?originalSubdomain=mx\"]}]}<\/script>\n<!-- \/ Yoast SEO plugin. -->","yoast_head_json":{"title":"T\u00e9rminos y condiciones - Calakmul","robots":{"index":"index","follow":"follow","max-snippet":"max-snippet:-1","max-image-preview":"max-image-preview:large","max-video-preview":"max-video-preview:-1"},"canonical":"https:\/\/calakmul.com.mx\/en\/terminos-y-condiciones\/","og_locale":"en_US","og_type":"article","og_title":"T\u00e9rminos y condiciones - Calakmul","og_description":"T\u00e9rminos y Condiciones 1.- \u00c1mbito de Aplicaci\u00f3n Los presentes T\u00e9rminos y Condiciones (en adelante, los \u201cT\u00e9rminos y condiciones\u201d) regulan el uso del sitio web actualmente disponible en la direcci\u00f3n electr\u00f3nica\u00a0www.calakmul.com.mx\u00a0(en adelante \u201cel sitio Web\u201d), misma que es propiedad de la empresa Promotora y Urbanizadora Santa Fe, S.A. de C.V. con domicilio en Parque V\u00eda 210, [&hellip;]","og_url":"https:\/\/calakmul.com.mx\/en\/terminos-y-condiciones\/","og_site_name":"Calakmul","article_publisher":"https:\/\/www.facebook.com\/calakmularteyarquitectura","article_modified_time":"2025-04-23T03:01:27+00:00","og_image":[{"width":1104,"height":580,"url":"https:\/\/calakmul.com.mx\/wp-content\/uploads\/2025\/06\/logo-seo-.png","type":"image\/png"}],"twitter_card":"summary_large_image","twitter_misc":{"Est. reading time":"6 minutes"},"schema":{"@context":"https:\/\/schema.org","@graph":[{"@type":"WebPage","@id":"https:\/\/calakmul.com.mx\/terminos-y-condiciones\/","url":"https:\/\/calakmul.com.mx\/terminos-y-condiciones\/","name":"T\u00e9rminos y condiciones - Calakmul","isPartOf":{"@id":"https:\/\/calakmul.com.mx\/#website"},"datePublished":"2025-04-23T03:00:00+00:00","dateModified":"2025-04-23T03:01:27+00:00","breadcrumb":{"@id":"https:\/\/calakmul.com.mx\/terminos-y-condiciones\/#breadcrumb"},"inLanguage":"en-US","potentialAction":[{"@type":"ReadAction","target":["https:\/\/calakmul.com.mx\/terminos-y-condiciones\/"]}]},{"@type":"BreadcrumbList","@id":"https:\/\/calakmul.com.mx\/terminos-y-condiciones\/#breadcrumb","itemListElement":[{"@type":"ListItem","position":1,"name":"Inicio","item":"https:\/\/calakmul.com.mx\/"},{"@type":"ListItem","position":2,"name":"T\u00e9rminos y condiciones"}]},{"@type":"WebSite","@id":"https:\/\/calakmul.com.mx\/#website","url":"https:\/\/calakmul.com.mx\/","name":"Calakmul","description":"Calakmul\u00ae, Arte como Arquitectura","publisher":{"@id":"https:\/\/calakmul.com.mx\/#organization"},"alternateName":"Calakmul","potentialAction":[{"@type":"SearchAction","target":{"@type":"EntryPoint","urlTemplate":"https:\/\/calakmul.com.mx\/?s={search_term_string}"},"query-input":{"@type":"PropertyValueSpecification","valueRequired":true,"valueName":"search_term_string"}}],"inLanguage":"en-US"},{"@type":"Organization","@id":"https:\/\/calakmul.com.mx\/#organization","name":"Calakmul","alternateName":"Calakmul","url":"https:\/\/calakmul.com.mx\/","logo":{"@type":"ImageObject","inLanguage":"en-US","@id":"https:\/\/calakmul.com.mx\/#\/schema\/logo\/image\/","url":"","contentUrl":"","caption":"Calakmul"},"image":{"@id":"https:\/\/calakmul.com.mx\/#\/schema\/logo\/image\/"},"sameAs":["https:\/\/www.facebook.com\/calakmularteyarquitectura","https:\/\/www.instagram.com\/calakmul_arte_y_arquitectura\/","https:\/\/www.linkedin.com\/company\/calakmul-arte-y-arquitectura\/?originalSubdomain=mx"]}]}},"_links":{"self":[{"href":"https:\/\/calakmul.com.mx\/en\/wp-json\/wp\/v2\/pages\/927","targetHints":{"allow":["GET"]}}],"collection":[{"href":"https:\/\/calakmul.com.mx\/en\/wp-json\/wp\/v2\/pages"}],"about":[{"href":"https:\/\/calakmul.com.mx\/en\/wp-json\/wp\/v2\/types\/page"}],"author":[{"embeddable":true,"href":"https:\/\/calakmul.com.mx\/en\/wp-json\/wp\/v2\/users\/1"}],"replies":[{"embeddable":true,"href":"https:\/\/calakmul.com.mx\/en\/wp-json\/wp\/v2\/comments?post=927"}],"version-history":[{"count":4,"href":"https:\/\/calakmul.com.mx\/en\/wp-json\/wp\/v2\/pages\/927\/revisions"}],"predecessor-version":[{"id":931,"href":"https:\/\/calakmul.com.mx\/en\/wp-json\/wp\/v2\/pages\/927\/revisions\/931"}],"wp:attachment":[{"href":"https:\/\/calakmul.com.mx\/en\/wp-json\/wp\/v2\/media?parent=927"}],"curies":[{"name":"wp","href":"https:\/\/api.w.org\/{rel}","templated":true}]}}